{"id":282,"date":"2016-06-19T21:29:33","date_gmt":"2016-06-19T21:29:33","guid":{"rendered":"http:\/\/liming-ilemaurice.org\/?page_id=282"},"modified":"2016-08-24T08:20:04","modified_gmt":"2016-08-24T03:20:04","slug":"about-us","status":"publish","type":"page","link":"https:\/\/liming-ilemaurice.org\/?page_id=282","title":{"rendered":"Our Mission"},"content":{"rendered":"<p style=\"text-align: justify;\"><span style=\"font-family: verdana, geneva, sans-serif; font-size: 12pt;\">Li Ming\u00a0 est une association sans but lucratif qui regroupe des qu\u00e9b\u00e9cois d\u2019origine mauricienne.<\/span><\/p>\n<p><span style=\"font-size: 14pt; color: #0000ff;\">Mission:<\/span><\/p>\n<ul>\n<li style=\"text-align: justify;\"><span style=\"font-family: verdana, geneva, sans-serif; font-size: 12pt;\">Promouvoir entre ses membres les \u00e9changes, l\u2019amiti\u00e9, l\u2019entraide et la solidarit\u00e9 dans le partage des valeurs d\u2019un h\u00e9ritage culturel commun.<\/span><\/li>\n<\/ul>\n<ul style=\"text-align: justify;\">\n<li><span style=\"font-family: verdana, geneva, sans-serif; font-size: 12pt;\">Favoriser l\u2019int\u00e9gration de ses membres dans les soci\u00e9t\u00e9s qu\u00e9b\u00e9coise et canadienne en organisant diverses activit\u00e9s socio-culturelles, r\u00e9cr\u00e9atives et sportives.<\/span><\/li>\n<\/ul>\n<ul>\n<li style=\"text-align: justify;\"><span style=\"font-family: verdana, geneva, sans-serif; font-size: 12pt;\">\u00c9tablir et maintenir des liens avec d\u2019autres associations semblables au Qu\u00e9bec et ailleurs.<\/span><\/li>\n<\/ul>\n<p style=\"text-align: center;\"><span style=\"font-size: 8pt;\"> O \u00a0O \u00a0O \u00a0O \u00a0O<\/span><\/p>\n<p style=\"text-align: justify;\"><span style=\"font-family: verdana, geneva, sans-serif; font-size: 12pt;\"><em>Li Ming is a non-profit association comprised of\u00a0<span style=\"line-height: 1.5;\">Quebecers of Mauritian origin.<\/span><\/em><\/span><\/p>\n<p><span style=\"font-family: verdana, geneva, sans-serif; font-size: 12pt; color: #ff0000;\"><em>Mission:<\/em><\/span><\/p>\n<ul>\n<li style=\"text-align: justify;\"><span style=\"font-family: verdana, geneva, sans-serif; font-size: 12pt;\"><em>To promote the development of mutual friendship, assistance and solidarity among its members sharing the values of a common cultural heritage.<\/em><\/span><\/li>\n<\/ul>\n<ul style=\"text-align: justify;\">\n<li><span style=\"font-family: verdana, geneva, sans-serif; font-size: 12pt;\"><em>To foster the integration of its members into the Quebec and Canadian societies through the holding of varied socio-cultural, recreational and sporting activities.<\/em><\/span><\/li>\n<\/ul>\n<ul>\n<li style=\"text-align: justify;\"><span style=\"font-family: verdana, geneva, sans-serif; font-size: 12pt;\"><em>To establish and maintain contacts with other similar associations in Quebec and other regions.<\/em><\/span><\/li>\n<\/ul>\n<p>&nbsp;<\/p>\n<p style=\"text-align: center;\"><span style=\"font-size: 14pt;\"> \u00a0<span style=\"color: #0000ff;\"><em>Together we move forward<\/em><\/span><\/span><\/p>\n<p style=\"text-align: center;\"><a href=\"http:\/\/liming-ilemaurice.org\/?attachment_id=607\" rel=\"attachment wp-att-607\"><img loading=\"lazy\" decoding=\"async\" class=\"alignnone wp-image-607\" src=\"http:\/\/liming-ilemaurice.org\/wp-content\/uploads\/2016\/07\/Mission-Website-page-001.jpg\" alt=\"Mission Website-page-001\" width=\"702\" height=\"936\" \/><\/a><\/p>\n","protected":false},"excerpt":{"rendered":"<p>Li Ming\u00a0 est une association sans but lucratif qui regroupe des qu\u00e9b\u00e9cois d\u2019origine mauricienne. Mission: Promouvoir entre ses membres les \u00e9changes, l\u2019amiti\u00e9, l\u2019entraide et la solidarit\u00e9 dans le partage des valeurs d\u2019un h\u00e9ritage culturel commun. Favoriser l\u2019int\u00e9gration de ses membres dans les soci\u00e9t\u00e9s qu\u00e9b\u00e9coise et canadienne en organisant diverses activit\u00e9s socio-culturelles, r\u00e9cr\u00e9atives et sportives. \u00c9tablir <a class=\"read-more\" href=\"https:\/\/liming-ilemaurice.org\/?page_id=282\">Read More<\/a><\/p>\n","protected":false},"author":1,"featured_media":0,"parent":0,"menu_order":0,"comment_status":"closed","ping_status":"closed","template":"","meta":{"footnotes":""},"class_list":["post-282","page","type-page","status-publish","hentry"],"_links":{"self":[{"href":"https:\/\/liming-ilemaurice.org\/index.php?rest_route=\/wp\/v2\/pages\/282","targetHints":{"allow":["GET"]}}],"collection":[{"href":"https:\/\/liming-ilemaurice.org\/index.php?rest_route=\/wp\/v2\/pages"}],"about":[{"href":"https:\/\/liming-ilemaurice.org\/index.php?rest_route=\/wp\/v2\/types\/page"}],"author":[{"embeddable":true,"href":"https:\/\/liming-ilemaurice.org\/index.php?rest_route=\/wp\/v2\/users\/1"}],"replies":[{"embeddable":true,"href":"https:\/\/liming-ilemaurice.org\/index.php?rest_route=%2Fwp%2Fv2%2Fcomments&post=282"}],"version-history":[{"count":47,"href":"https:\/\/liming-ilemaurice.org\/index.php?rest_route=\/wp\/v2\/pages\/282\/revisions"}],"predecessor-version":[{"id":799,"href":"https:\/\/liming-ilemaurice.org\/index.php?rest_route=\/wp\/v2\/pages\/282\/revisions\/799"}],"wp:attachment":[{"href":"https:\/\/liming-ilemaurice.org\/index.php?rest_route=%2Fwp%2Fv2%2Fmedia&parent=282"}],"curies":[{"name":"wp","href":"https:\/\/api.w.org\/{rel}","templated":true}]}}